{"id":1398,"date":"2024-03-12T01:30:59","date_gmt":"2024-03-12T00:30:59","guid":{"rendered":"https:\/\/wordpress.vecurosoft.com\/medilax\/?page_id=1398"},"modified":"2024-04-08T15:46:11","modified_gmt":"2024-04-08T20:46:11","slug":"servicios","status":"publish","type":"page","link":"https:\/\/panamaplasticsurgery.com\/en\/servicios\/","title":{"rendered":"Services"},"content":{"rendered":"<div data-elementor-type=\"wp-page\" data-elementor-id=\"1398\" class=\"elementor elementor-1398\" data-elementor-settings=\"{&quot;ha_cmc_init_switcher&quot;:&quot;no&quot;}\">\n\t\t\t\t\t\t<section class=\"elementor-section elementor-top-section elementor-element elementor-element-5341b7e elementor-section-full_width elementor-section-height-default elementor-section-height-default\" data-id=\"5341b7e\" data-element_type=\"section\" data-e-type=\"section\" data-settings=\"{&quot;_ha_eqh_enable&quot;:false}\">\n\t\t\t\t\t\t<div class=\"elementor-container elementor-column-gap-no\">\n\t\t\t\t\t<div class=\"elementor-column elementor-col-100 elementor-top-column elementor-element elementor-element-5bf9d9f\" data-id=\"5bf9d9f\" data-element_type=\"column\" data-e-type=\"column\">\n\t\t\t<div class=\"elementor-widget-wrap elementor-element-populated\">\n\t\t\t\t\t\t<div class=\"elementor-element elementor-element-eb00c48 elementor-widget elementor-widget-medilaxsectiontitle\" data-id=\"eb00c48\" data-element_type=\"widget\" data-e-type=\"widget\" data-widget_type=\"medilaxsectiontitle.default\">\n\t\t\t\t<div class=\"elementor-widget-container\">\n\t\t\t\t\t<!-- Section Title --><div class=\"container\"><div class=\"row justify-content-center\"><div class=\"col-md-10 col-lg-8 col-xl-6 wow fadeInUp\" data-wow-delay=\"0.3s\"><div class=\"section-title\" ><span class=\"h3 text-theme sec-subtitle subtitle-selector\">\u00a1Atenci\u00f3n M\u00e9dica General!<\/span><h2 class=\"h1 title-selector\">Our Services<\/h2><p class=\"desc\">En The Panama Clinic brindamos un servicio integral de la mano de un equipo multidisciplinario, con la mejor tecnolog\u00eda de la regi\u00f3n.<\/p><\/div><\/div><\/div><!-- End Section Title --><\/div>\t\t\t\t<\/div>\n\t\t\t\t<\/div>\n\t\t\t\t<div class=\"elementor-element elementor-element-1391637 elementor-widget elementor-widget-medilaxservices\" data-id=\"1391637\" data-element_type=\"widget\" data-e-type=\"widget\" data-widget_type=\"medilaxservices.default\">\n\t\t\t\t<div class=\"elementor-widget-container\">\n\t\t\t\t\t<!-----------------------Start Service Area-----------------------><section class=\"vs-service-wrapper\"><div class=\"container\"><div class=\"row\"><div class=\"col-md-6 col-xl-4\"><div class=\"service-thumb\"><div class=\"sr-img\"><img fetchpriority=\"high\" decoding=\"async\" width=\"387\" height=\"355\" src=\"https:\/\/panamaplasticsurgery.com\/wp-content\/uploads\/2025\/08\/cirugia-facial-scaled-e1756571117941-387x355.jpg\" class=\"attachment-medilax_387x355 size-medilax_387x355 wp-post-image\" alt=\"cirug\u00eda facial\" \/><\/div><div class=\"sr-body\"><div class=\"img-icon\"><img decoding=\"async\" src=\"https:\/\/panamaplasticsurgery.com\/wp-content\/uploads\/2025\/08\/cirugia-facial.png\" alt=\"cirugia facial\"  class=\"w-100\" \/><\/div><h3 class=\"h4 sr-title\"><a class=\"text-reset\" href=\"https:\/\/panamaplasticsurgery.com\/en\/all-services\/cirugias-faciales\/\">Facial Surgery<\/a><\/h3><p class=\"sr-text\">We offer a wide range of procedures where we can combine forehead, eyelids, face, neck and nose to achieve a harmonious result that still looks natural.<\/p><a href=\"https:\/\/panamaplasticsurgery.com\/en\/all-services\/cirugias-faciales\/\" class=\"link-btn\">Leer m\u00e1s<i class=\"fal fa-long-arrow-right\"><\/i><\/a><\/div><\/div><\/div><div class=\"col-md-6 col-xl-4\"><div class=\"service-thumb\"><div class=\"sr-img\"><img decoding=\"async\" width=\"387\" height=\"355\" src=\"https:\/\/panamaplasticsurgery.com\/wp-content\/uploads\/2025\/08\/cirugia-contorno-corporal-scaled-e1756567633794-387x355.jpg\" class=\"attachment-medilax_387x355 size-medilax_387x355 wp-post-image\" alt=\"\" \/><\/div><div class=\"sr-body\"><div class=\"img-icon\"><img decoding=\"async\" src=\"https:\/\/panamaplasticsurgery.com\/wp-content\/uploads\/2025\/08\/cirugia-contorno-corporal.png\" alt=\"cirugia contorno corporal\"  class=\"w-100\" \/><\/div><h3 class=\"h4 sr-title\"><a class=\"text-reset\" href=\"https:\/\/panamaplasticsurgery.com\/en\/all-services\/contorno-corporal\/\">Body Contouring Surgery<\/a><\/h3><p class=\"sr-text\">Services designed to sculpt and tone your body, helping you achieve the figure you've always wanted. Using the best surgical techniques and most advanced technologies, we combine procedures on different parts of the body, allowing you to achieve your dream results in just one session.<\/p><a href=\"https:\/\/panamaplasticsurgery.com\/en\/all-services\/contorno-corporal\/\" class=\"link-btn\">Leer m\u00e1s<i class=\"fal fa-long-arrow-right\"><\/i><\/a><\/div><\/div><\/div><div class=\"col-md-6 col-xl-4\"><div class=\"service-thumb\"><div class=\"sr-img\"><img decoding=\"async\" width=\"387\" height=\"355\" src=\"https:\/\/panamaplasticsurgery.com\/wp-content\/uploads\/2025\/08\/cirugia-mamaria-scaled-e1756567292738-387x355.jpg\" class=\"attachment-medilax_387x355 size-medilax_387x355 wp-post-image\" alt=\"\" \/><\/div><div class=\"sr-body\"><div class=\"img-icon\"><img decoding=\"async\" src=\"https:\/\/panamaplasticsurgery.com\/wp-content\/uploads\/2025\/08\/cirugias-mamarias.png\" alt=\"cirugias mamarias\"  class=\"w-100\" \/><\/div><h3 class=\"h4 sr-title\"><a class=\"text-reset\" href=\"https:\/\/panamaplasticsurgery.com\/en\/all-services\/cirugias-mamarias\/\">Breast Surgeries<\/a><\/h3><p class=\"sr-text\">We understand the importance of a balanced and proportionate feminine appearance, which is why we provide natural and satisfying results in our breast surgeries.<\/p><a href=\"https:\/\/panamaplasticsurgery.com\/en\/all-services\/cirugias-mamarias\/\" class=\"link-btn\">Leer m\u00e1s<i class=\"fal fa-long-arrow-right\"><\/i><\/a><\/div><\/div><\/div><\/div><\/div><\/section>\t\t\t\t<\/div>\n\t\t\t\t<\/div>\n\t\t\t\t\t<\/div>\n\t\t<\/div>\n\t\t\t\t\t<\/div>\n\t\t<\/section>\n\t\t\t\t<section class=\"elementor-section elementor-top-section elementor-element elementor-element-df15198 elementor-section-full_width elementor-hidden-desktop elementor-hidden-tablet elementor-hidden-mobile elementor-section-height-default elementor-section-height-default\" data-id=\"df15198\" data-element_type=\"section\" data-e-type=\"section\" data-settings=\"{&quot;background_background&quot;:&quot;classic&quot;,&quot;_ha_eqh_enable&quot;:false}\">\n\t\t\t\t\t\t<div class=\"elementor-container elementor-column-gap-no\">\n\t\t\t\t\t<div class=\"elementor-column elementor-col-100 elementor-top-column elementor-element elementor-element-d9aed0d\" data-id=\"d9aed0d\" data-element_type=\"column\" data-e-type=\"column\">\n\t\t\t<div class=\"elementor-widget-wrap elementor-element-populated\">\n\t\t\t\t\t\t<section class=\"elementor-section elementor-inner-section elementor-element elementor-element-483d4c9 elementor-section-boxed elementor-section-height-default elementor-section-height-default\" data-id=\"483d4c9\" data-element_type=\"section\" data-e-type=\"section\" data-settings=\"{&quot;_ha_eqh_enable&quot;:false}\">\n\t\t\t\t\t\t<div class=\"elementor-container elementor-column-gap-no\">\n\t\t\t\t\t<div class=\"elementor-column elementor-col-100 elementor-inner-column elementor-element elementor-element-3b0d135\" data-id=\"3b0d135\" data-element_type=\"column\" data-e-type=\"column\">\n\t\t\t<div class=\"elementor-widget-wrap elementor-element-populated\">\n\t\t\t\t\t\t<div class=\"elementor-element elementor-element-071592e elementor-widget elementor-widget-medilaxsectiontitle\" data-id=\"071592e\" data-element_type=\"widget\" data-e-type=\"widget\" data-widget_type=\"medilaxsectiontitle.default\">\n\t\t\t\t<div class=\"elementor-widget-container\">\n\t\t\t\t\t<!-- Section Title --><div class=\"container\"><div class=\"row justify-content-center\"><div class=\"col-md-10 col-lg-8 col-xl-6 wow fadeInUp\" data-wow-delay=\"0.3s\"><div class=\"section-title\" ><div class=\"sec-icon\"><i class=\"flaticon-ecg\"><\/i><\/div><h2 class=\"h1 title-selector\">Our Work Process<\/h2><p class=\"desc\">Proactively revolutionize granular customer service after pandemic internal or \"organic\" sources proactive human capital rather.<\/p><\/div><\/div><\/div><!-- End Section Title --><\/div>\t\t\t\t<\/div>\n\t\t\t\t<\/div>\n\t\t\t\t\t<\/div>\n\t\t<\/div>\n\t\t\t\t\t<\/div>\n\t\t<\/section>\n\t\t\t\t<section class=\"elementor-section elementor-inner-section elementor-element elementor-element-6c3872a elementor-section-full_width elementor-section-height-default elementor-section-height-default\" data-id=\"6c3872a\" data-element_type=\"section\" data-e-type=\"section\" data-settings=\"{&quot;_ha_eqh_enable&quot;:false}\">\n\t\t\t\t\t\t<div class=\"elementor-container elementor-column-gap-no\">\n\t\t\t\t\t<div class=\"elementor-column elementor-col-100 elementor-inner-column elementor-element elementor-element-cd1c334\" data-id=\"cd1c334\" data-element_type=\"column\" data-e-type=\"column\">\n\t\t\t<div class=\"elementor-widget-wrap elementor-element-populated\">\n\t\t\t\t\t\t<div class=\"elementor-element elementor-element-527b4fe elementor-widget elementor-widget-workprocessing\" data-id=\"527b4fe\" data-element_type=\"widget\" data-e-type=\"widget\" data-widget_type=\"workprocessing.default\">\n\t\t\t\t<div class=\"elementor-widget-container\">\n\t\t\t\t\t<!-----------------------Start Work Process Area-----------------------><section class=\"vs-work-process\"><div class=\"container\"><div class=\"row gx-0\"><div class=\"process-nth col-md-6 col-lg-4 col-xl-4\"><div class=\"process-marked\"><div class=\"process-shape\"><img decoding=\"async\" src=\"https:\/\/wordpress.vecurosoft.com\/medilax\/wp-content\/uploads\/2021\/11\/arrow.png\" alt=\"arrow\"  \/><\/div><div class=\"process-icon\"><i class=\"flaticon-medical-symbol\"><\/i><span class=\"process-number\">01<\/span><\/div><div class=\"process-content\"><h3 class=\"process-title\">Take Appointment<\/h3><p class=\"process-text\">We provide janitorial and Medical services complexes for all types sizes of services.<\/p><\/div><a  target=\"_blank\" rel=\"nofollow\" href=\"https:\/\/wordpress.vecurosoft.com\/medilax\/all-services\/gynaecology\/\" class=\"link-btn\">Get In Touch<i class=\"far fa-arrow-right\"><\/i><\/a><\/div><\/div><div class=\"process-nth col-md-6 col-lg-4 col-xl-4\"><div class=\"process-marked\"><div class=\"process-shape\"><img decoding=\"async\" src=\"https:\/\/wordpress.vecurosoft.com\/medilax\/wp-content\/uploads\/2021\/11\/arrrrow.png\" alt=\"arrrrow\"  \/><\/div><div class=\"process-icon\"><i class=\"flaticon-stethoscope-1\"><\/i><span class=\"process-number\">02<\/span><\/div><div class=\"process-content\"><h3 class=\"process-title\">Medical Checkup<\/h3><p class=\"process-text\">We provide janitorial and Medical services complexes for all types sizes of services.<\/p><\/div><a  target=\"_blank\" rel=\"nofollow\" href=\"https:\/\/wordpress.vecurosoft.com\/medilax\/all-services\/gynaecology\/\" class=\"link-btn\">Get In Touch<i class=\"far fa-arrow-right\"><\/i><\/a><\/div><\/div><div class=\"process-nth col-md-6 col-lg-4 col-xl-4\"><div class=\"process-marked\"><div class=\"process-icon\"><i class=\"flaticon-healthcare\"><\/i><span class=\"process-number\">03<\/span><\/div><div class=\"process-content\"><h3 class=\"process-title\">Started Treatment<\/h3><p class=\"process-text\">We provide janitorial and Medical services complexes for all types sizes of services.<\/p><\/div><a  target=\"_blank\" rel=\"nofollow\" href=\"https:\/\/wordpress.vecurosoft.com\/medilax\/all-services\/gynaecology\/\" class=\"link-btn\">Get In Touch<i class=\"far fa-arrow-right\"><\/i><\/a><\/div><\/div><\/div><\/div><\/section><!-----------------------End Work Process Area----------------------->\t\t\t\t<\/div>\n\t\t\t\t<\/div>\n\t\t\t\t\t<\/div>\n\t\t<\/div>\n\t\t\t\t\t<\/div>\n\t\t<\/section>\n\t\t\t\t\t<\/div>\n\t\t<\/div>\n\t\t\t\t\t<\/div>\n\t\t<\/section>\n\t\t\t\t<section class=\"elementor-section elementor-top-section elementor-element elementor-element-58f1abf elementor-section-full_width elementor-hidden-desktop elementor-hidden-tablet elementor-hidden-mobile elementor-section-height-default elementor-section-height-default\" data-id=\"58f1abf\" data-element_type=\"section\" data-e-type=\"section\" data-settings=\"{&quot;background_background&quot;:&quot;classic&quot;,&quot;_ha_eqh_enable&quot;:false}\">\n\t\t\t\t\t\t<div class=\"elementor-container elementor-column-gap-no\">\n\t\t\t\t\t<div class=\"elementor-column elementor-col-100 elementor-top-column elementor-element elementor-element-10eeed4\" data-id=\"10eeed4\" data-element_type=\"column\" data-e-type=\"column\">\n\t\t\t<div class=\"elementor-widget-wrap elementor-element-populated\">\n\t\t\t\t\t\t<section class=\"elementor-section elementor-inner-section elementor-element elementor-element-b5c828f elementor-section-boxed elementor-section-height-default elementor-section-height-default\" data-id=\"b5c828f\" data-element_type=\"section\" data-e-type=\"section\" data-settings=\"{&quot;_ha_eqh_enable&quot;:false}\">\n\t\t\t\t\t\t<div class=\"elementor-container elementor-column-gap-no\">\n\t\t\t\t\t<div class=\"elementor-column elementor-col-100 elementor-inner-column elementor-element elementor-element-908e427\" data-id=\"908e427\" data-element_type=\"column\" data-e-type=\"column\">\n\t\t\t<div class=\"elementor-widget-wrap elementor-element-populated\">\n\t\t\t\t\t\t<div class=\"elementor-element elementor-element-3ca34e7 elementor-widget elementor-widget-medilaxsectiontitle\" data-id=\"3ca34e7\" data-element_type=\"widget\" data-e-type=\"widget\" data-settings=\"{&quot;_animation&quot;:&quot;none&quot;}\" data-widget_type=\"medilaxsectiontitle.default\">\n\t\t\t\t<div class=\"elementor-widget-container\">\n\t\t\t\t\t<!-- Section Title --><div class=\"container\"><div class=\"row justify-content-center\"><div class=\"col-md-10 col-lg-8 col-xl-6 wow fadeInUp\" data-wow-delay=\"0.3s\"><div class=\"section-title\" ><div class=\"sec-icon\"><i class=\"flaticon-ecg\"><\/i><\/div><h2 class=\"h1 title-selector\">Meet Our Doctors<\/h2><p class=\"desc\">Proactively revolutionize granular customer service after pandemic internal or \"organic\" sources istinctively impact proactive human<\/p><\/div><\/div><\/div><!-- End Section Title --><\/div>\t\t\t\t<\/div>\n\t\t\t\t<\/div>\n\t\t\t\t\t<\/div>\n\t\t<\/div>\n\t\t\t\t\t<\/div>\n\t\t<\/section>\n\t\t\t\t<section class=\"elementor-section elementor-inner-section elementor-element elementor-element-f5e9291 elementor-section-full_width elementor-section-height-default elementor-section-height-default\" data-id=\"f5e9291\" data-element_type=\"section\" data-e-type=\"section\" data-settings=\"{&quot;_ha_eqh_enable&quot;:false}\">\n\t\t\t\t\t\t<div class=\"elementor-container elementor-column-gap-no\">\n\t\t\t\t\t<div class=\"elementor-column elementor-col-100 elementor-inner-column elementor-element elementor-element-8e3891f\" data-id=\"8e3891f\" data-element_type=\"column\" data-e-type=\"column\">\n\t\t\t<div class=\"elementor-widget-wrap elementor-element-populated\">\n\t\t\t\t\t\t<div class=\"elementor-element elementor-element-0c5809b elementor-widget elementor-widget-medilaxdoctors\" data-id=\"0c5809b\" data-element_type=\"widget\" data-e-type=\"widget\" data-widget_type=\"medilaxdoctors.default\">\n\t\t\t\t<div class=\"elementor-widget-container\">\n\t\t\t\t\t<!-----------------------Start Doctors Area-----------------------><section class=\"vs-team-wrapper\"><div class=\"container\"><div class=\"row vs-carousel wow fadeIn\" data-wow-delay=\"0.3s\" data-arrows=\"true\" data-slide-show=\"3\" data-lg-slide-show=\"3\"><\/div><\/div><\/section><!-----------------------End Doctors Area----------------------->\t\t\t\t<\/div>\n\t\t\t\t<\/div>\n\t\t\t\t\t<\/div>\n\t\t<\/div>\n\t\t\t\t\t<\/div>\n\t\t<\/section>\n\t\t\t\t\t<\/div>\n\t\t<\/div>\n\t\t\t\t\t<\/div>\n\t\t<\/section>\n\t\t\t\t<\/div>","protected":false},"excerpt":{"rendered":"<p>\u00a1Atenci\u00f3n M\u00e9dica General! Nuestros Servicios En The Panama Clinic brindamos un servicio integral de la mano de un equipo multidisciplinario, con la mejor tecnolog\u00eda de la regi\u00f3n. Emergencias Brinda atenci\u00f3n oportuna, humanizada y de alta calidad a pacientes con condiciones que afecten su salud. Leer m\u00e1s Maternidad Estamos aqu\u00ed para que vivas la mejor experiencia&#8230;<\/p>","protected":false},"author":1,"featured_media":0,"parent":0,"menu_order":0,"comment_status":"closed","ping_status":"closed","template":"template-builder.php","meta":{"footnotes":""},"class_list":["post-1398","page","type-page","status-publish","hentry"],"_links":{"self":[{"href":"https:\/\/panamaplasticsurgery.com\/en\/wp-json\/wp\/v2\/pages\/1398","targetHints":{"allow":["GET"]}}],"collection":[{"href":"https:\/\/panamaplasticsurgery.com\/en\/wp-json\/wp\/v2\/pages"}],"about":[{"href":"https:\/\/panamaplasticsurgery.com\/en\/wp-json\/wp\/v2\/types\/page"}],"author":[{"embeddable":true,"href":"https:\/\/panamaplasticsurgery.com\/en\/wp-json\/wp\/v2\/users\/1"}],"replies":[{"embeddable":true,"href":"https:\/\/panamaplasticsurgery.com\/en\/wp-json\/wp\/v2\/comments?post=1398"}],"version-history":[{"count":14,"href":"https:\/\/panamaplasticsurgery.com\/en\/wp-json\/wp\/v2\/pages\/1398\/revisions"}],"predecessor-version":[{"id":5994,"href":"https:\/\/panamaplasticsurgery.com\/en\/wp-json\/wp\/v2\/pages\/1398\/revisions\/5994"}],"wp:attachment":[{"href":"https:\/\/panamaplasticsurgery.com\/en\/wp-json\/wp\/v2\/media?parent=1398"}],"curies":[{"name":"wp","href":"https:\/\/api.w.org\/{rel}","templated":true}]}}