{"id":192,"date":"2024-03-15T01:52:53","date_gmt":"2024-03-15T00:52:53","guid":{"rendered":"https:\/\/wordpress.vecurosoft.com\/medilax\/?page_id=192"},"modified":"2026-03-06T18:28:49","modified_gmt":"2026-03-06T23:28:49","slug":"nosotros","status":"publish","type":"page","link":"https:\/\/panamaplasticsurgery.com\/en\/nosotros\/","title":{"rendered":"About Us"},"content":{"rendered":"<div data-elementor-type=\"wp-page\" data-elementor-id=\"192\" class=\"elementor elementor-192\" data-elementor-settings=\"{&quot;ha_cmc_init_switcher&quot;:&quot;no&quot;}\">\n\t\t\t\t\t\t<section class=\"elementor-section elementor-top-section elementor-element elementor-element-45aab66 elementor-section-full_width elementor-section-height-default elementor-section-height-default\" data-id=\"45aab66\" data-element_type=\"section\" data-e-type=\"section\" data-settings=\"{&quot;background_background&quot;:&quot;classic&quot;,&quot;_ha_eqh_enable&quot;:false}\">\n\t\t\t\t\t\t<div class=\"elementor-container elementor-column-gap-no\">\n\t\t\t\t\t<div class=\"elementor-column elementor-col-100 elementor-top-column elementor-element elementor-element-0f23591\" data-id=\"0f23591\" data-element_type=\"column\" data-e-type=\"column\">\n\t\t\t<div class=\"elementor-widget-wrap elementor-element-populated\">\n\t\t\t\t\t\t<div class=\"elementor-element elementor-element-f0e8c67 elementor-widget__width-auto elementor-widget elementor-widget-layerslider\" data-id=\"f0e8c67\" data-element_type=\"widget\" data-e-type=\"widget\" data-widget_type=\"layerslider.default\">\n\t\t\t\t<div class=\"elementor-widget-container\">\n\t\t\t\t\t<script type=\"text\/javascript\">jQuery(function() { _initLayerSlider( '#layerslider_2_1fnv16652rtjc', {createdWith: '6.11.8', sliderVersion: '7.6.9', type: 'fullwidth', allowFullscreen: true, startInViewport: false, pauseOnHover: 'enabled', skin: 'noskin', sliderFadeInDuration: 350, navPrevNext: false, hoverPrevNext: false, navStartStop: false, navButtons: false, showCircleTimer: false, useSrcset: true, skinsPath: 'https:\/\/panamaplasticsurgery.com\/wp-content\/plugins\/LayerSlider\/assets\/static\/layerslider\/skins\/', performanceMode: true}); });<\/script><link href=\"https:\/\/fonts.googleapis.com\/css?family=Quicksand:100,100i,200,200i,300,300i,400,400i,500,500i,600,600i,700,700i,800,800i,900,900i\" rel=\"stylesheet\"><div id=\"layerslider_2_1fnv16652rtjc\" class=\"ls-wp-container fitvidsignore\" style=\"width:1900px;height:380px;margin:0 auto;margin-bottom: 0px;\"><div class=\"ls-slide\" data-ls=\"bgsize:cover;bgposition:50% 50%;duration:12000;transition2d:5;kenburnsscale:1.5;\"><img fetchpriority=\"high\" decoding=\"async\" width=\"1920\" height=\"800\" src=\"https:\/\/panamaplasticsurgery.com\/wp-content\/uploads\/2025\/08\/banner-panama-plastic-surgery-01-e1755370676810.jpg\" class=\"ls-bg\" alt=\"\" srcset=\"https:\/\/panamaplasticsurgery.com\/wp-content\/uploads\/2025\/08\/banner-panama-plastic-surgery-01-e1755370676810.jpg 1920w, https:\/\/panamaplasticsurgery.com\/wp-content\/uploads\/2025\/08\/banner-panama-plastic-surgery-01-e1755370676810-300x125.jpg 300w, https:\/\/panamaplasticsurgery.com\/wp-content\/uploads\/2025\/08\/banner-panama-plastic-surgery-01-e1755370676810-1024x427.jpg 1024w, https:\/\/panamaplasticsurgery.com\/wp-content\/uploads\/2025\/08\/banner-panama-plastic-surgery-01-e1755370676810-768x320.jpg 768w, https:\/\/panamaplasticsurgery.com\/wp-content\/uploads\/2025\/08\/banner-panama-plastic-surgery-01-e1755370676810-1536x640.jpg 1536w, https:\/\/panamaplasticsurgery.com\/wp-content\/uploads\/2025\/08\/banner-panama-plastic-surgery-01-e1755370676810-600x250.jpg 600w\" sizes=\"(max-width: 1920px) 100vw, 1920px\" \/><h1 style=\"top:50%;left:335px;font-weight:500;background-size:inherit;background-position:inherit;font-size:72px;font-family:Quicksand;color:#ffffff;\" class=\"ls-l ls-text-layer\" data-ls=\"offsetyin:-100;durationin:1500;delayin:400;easingin:easeOutQuint;offsetyout:-100;durationout:1500;easingout:easeOutQuint;position:relative;\">About Us<\/h1><p style=\"top:400px;left:335px;background-size:inherit;background-position:50% 50%;font-size:16px;width:605px;letter-spacing:0.2px;line-height:28px;color:#27477d;white-space:normal;\" class=\"ls-l ls-hide-desktop ls-hide-tablet ls-hide-phone ls-text-layer\" data-ls=\"offsetyin:100;durationin:1500;easingin:easeOutQuint;offsetyout:100;durationout:1500;easingout:easeOutQuint;\"><\/p><h1 style=\"top:340px;left:100px;font-weight:500;background-size:inherit;background-position:inherit;font-size:72px;font-family:Quicksand;color:#07ccec;\" class=\"ls-l ls-hide-desktop ls-hide-phone ls-text-layer\" data-ls=\"offsetxin:-150;durationin:1500;delayin:300;easingin:easeOutQuint;offsetxout:-150;durationout:1500;easingout:easeOutQuint;position:relative;\"><\/h1><h1 style=\"top:80px;left:100px;font-weight:500;background-size:inherit;background-position:inherit;font-family:Quicksand;color:#27477d;font-size:110px;\" class=\"ls-l ls-hide-desktop ls-hide-tablet ls-hide-phone ls-text-layer\" data-ls=\"offsetxin:-100;durationin:1500;easingin:easeOutQuint;offsetxout:-100;durationout:1500;easingout:easeOutQuint;position:relative;\">About Us<\/h1><h1 style=\"top:260px;left:100px;font-weight:500;background-size:inherit;background-position:inherit;font-size:110px;font-family:Quicksand;color:#07ccec;\" class=\"ls-l ls-hide-desktop ls-hide-tablet ls-text-layer\" data-ls=\"offsetxin:-150;durationin:1500;delayin:300;easingin:easeOutQuint;offsetxout:-150;durationout:1500;easingout:easeOutQuint;position:relative;\"><\/h1><div style=\"top:500px;left:100px;background-size:inherit;background-position:inherit;font-size:24px;\" class=\"ls-l ls-btn ls-hide-desktop ls-hide-tablet ls-html-layer\" data-ls=\"offsetyin:100;durationin:2000;delayin:1000;easingin:easeOutQuint;offsetyout:100;durationout:2000;easingout:easeOutQuint;position:relative;\"><\/div><\/div><\/div>\t\t\t\t<\/div>\n\t\t\t\t<\/div>\n\t\t\t\t<div class=\"elementor-element elementor-element-d99fd3f elementor-widget elementor-widget-medilaxsectiontitle\" data-id=\"d99fd3f\" data-element_type=\"widget\" data-e-type=\"widget\" data-settings=\"{&quot;_animation&quot;:&quot;none&quot;}\" data-widget_type=\"medilaxsectiontitle.default\">\n\t\t\t\t<div class=\"elementor-widget-container\">\n\t\t\t\t\t<!-- Section Title --><div class=\"container\"><div class=\"row justify-content-center\"><div class=\"col-md-10 col-lg-8 col-xl-6 wow fadeInUp\" data-wow-delay=\"0.3s\"><div class=\"section-title\" ><div class=\"sec-icon\"><i class=\"flaticon-ecg\"><\/i><\/div><h2 class=\"h1 title-selector\">Over 35 years of experience<\/h2><\/div><\/div><\/div><!-- End Section Title --><\/div>\t\t\t\t<\/div>\n\t\t\t\t<\/div>\n\t\t<div class=\"elementor-element elementor-element-392c2d6 e-flex e-con-boxed e-con e-parent\" data-id=\"392c2d6\" data-element_type=\"container\" data-e-type=\"container\" data-settings=\"{&quot;_ha_eqh_enable&quot;:false}\">\n\t\t\t\t\t<div class=\"e-con-inner\">\n\t\t<div class=\"elementor-element elementor-element-a1cc0cf e-con-full e-flex e-con e-child\" data-id=\"a1cc0cf\" data-element_type=\"container\" data-e-type=\"container\" data-settings=\"{&quot;_ha_eqh_enable&quot;:false}\">\n\t\t\t\t<div class=\"elementor-element elementor-element-eabe8b1 elementor-widget elementor-widget-heading\" data-id=\"eabe8b1\" data-element_type=\"widget\" data-e-type=\"widget\" data-widget_type=\"heading.default\">\n\t\t\t\t<div class=\"elementor-widget-container\">\n\t\t\t\t\t<h2 class=\"elementor-heading-title elementor-size-default\">Dr. Luis Picard - Ami<\/h2>\t\t\t\t<\/div>\n\t\t\t\t<\/div>\n\t\t\t\t<div class=\"elementor-element elementor-element-1f30885 elementor-widget elementor-widget-text-editor\" data-id=\"1f30885\" data-element_type=\"widget\" data-e-type=\"widget\" data-widget_type=\"text-editor.default\">\n\t\t\t\t<div class=\"elementor-widget-container\">\n\t\t\t\t\t\t\t\t\t<p>I am a former president of the Panamanian Association of Plastic and Reconstructive Surgery (APCPER) and National Secretary for the International Society of Aesthetic Plastic Surgery (ISAPS). I am the president of the organizing committee for the upcoming congress of the Ibero-Latin American Federation of Plastic Surgery (FILACP) and a reviewer and associate editor of the journal Plastic and Reconstructive Surgery Global Open, one of the official journals of the American Association of Plastic Surgeons (ASPS).\nI am certified by the American Board of Plastic Surgery (FACS) and the Royal College of Physicians and Surgeons of Canada (FRCSC). <br \/>Estoy certificado por el American Board de Cirug\u00eda Pl\u00e1stica (FACS) y el Royal College of Physician and Surgeons de Canada (FRCSC).<\/p>\t\t\t\t\t\t\t\t<\/div>\n\t\t\t\t<\/div>\n\t\t\t\t<\/div>\n\t\t<div class=\"elementor-element elementor-element-b6a02a1 e-con-full e-flex e-con e-child\" data-id=\"b6a02a1\" data-element_type=\"container\" data-e-type=\"container\" data-settings=\"{&quot;_ha_eqh_enable&quot;:false}\">\n\t\t\t\t<div class=\"elementor-element elementor-element-9433d3e elementor-widget elementor-widget-image\" data-id=\"9433d3e\" data-element_type=\"widget\" data-e-type=\"widget\" data-widget_type=\"image.default\">\n\t\t\t\t<div class=\"elementor-widget-container\">\n\t\t\t\t\t\t\t\t\t\t\t\t\t\t\t<img decoding=\"async\" width=\"447\" height=\"558\" src=\"https:\/\/panamaplasticsurgery.com\/wp-content\/uploads\/2025\/08\/FOTO-PAGINA-PRINCIPAL-SIN-FONDO-1.png\" class=\"attachment-large size-large wp-image-6458\" alt=\"Dr. Luis Picard-Ami\" srcset=\"https:\/\/panamaplasticsurgery.com\/wp-content\/uploads\/2025\/08\/FOTO-PAGINA-PRINCIPAL-SIN-FONDO-1.png 447w, https:\/\/panamaplasticsurgery.com\/wp-content\/uploads\/2025\/08\/FOTO-PAGINA-PRINCIPAL-SIN-FONDO-1-240x300.png 240w\" sizes=\"(max-width: 447px) 100vw, 447px\" \/>\t\t\t\t\t\t\t\t\t\t\t\t\t\t\t<\/div>\n\t\t\t\t<\/div>\n\t\t\t\t<\/div>\n\t\t\t\t\t<\/div>\n\t\t\t\t<\/div>\n\t\t\t\t\t<\/div>\n\t\t<\/div>\n\t\t\t\t\t<\/div>\n\t\t<\/section>\n\t\t\t\t<section class=\"elementor-section elementor-top-section elementor-element elementor-element-d823394 elementor-section-full_width todolugar elementor-section-height-default elementor-section-height-default\" data-id=\"d823394\" data-element_type=\"section\" data-e-type=\"section\" data-settings=\"{&quot;background_background&quot;:&quot;classic&quot;,&quot;_ha_eqh_enable&quot;:false}\">\n\t\t\t\t\t\t<div class=\"elementor-container elementor-column-gap-no\">\n\t\t\t\t\t<div class=\"elementor-column elementor-col-100 elementor-top-column elementor-element elementor-element-21916ce\" data-id=\"21916ce\" data-element_type=\"column\" data-e-type=\"column\">\n\t\t\t<div class=\"elementor-widget-wrap elementor-element-populated\">\n\t\t\t\t\t\t<section class=\"elementor-section elementor-inner-section elementor-element elementor-element-ec19047 elementor-section-boxed elementor-section-height-default elementor-section-height-default\" data-id=\"ec19047\" data-element_type=\"section\" data-e-type=\"section\" data-settings=\"{&quot;_ha_eqh_enable&quot;:false}\">\n\t\t\t\t\t\t<div class=\"elementor-container elementor-column-gap-no\">\n\t\t\t\t\t<div class=\"elementor-column elementor-col-100 elementor-inner-column elementor-element elementor-element-4320c87\" data-id=\"4320c87\" data-element_type=\"column\" data-e-type=\"column\">\n\t\t\t<div class=\"elementor-widget-wrap elementor-element-populated\">\n\t\t\t\t\t\t<div class=\"elementor-element elementor-element-9b35b0a elementor-widget elementor-widget-medilaxsectiontitle\" data-id=\"9b35b0a\" data-element_type=\"widget\" data-e-type=\"widget\" data-widget_type=\"medilaxsectiontitle.default\">\n\t\t\t\t<div class=\"elementor-widget-container\">\n\t\t\t\t\t<!-- Section Title --><div class=\"container\"><div class=\"row justify-content-center\"><div class=\"col-md-10 col-lg-8 col-xl-6 wow fadeInUp\" data-wow-delay=\"0.3s\"><div class=\"section-title\" ><div class=\"sec-icon\"><i class=\"flaticon-ecg\"><\/i><\/div><h2 class=\"h1 title-selector\">Always choose a board-certified surgeon!<\/h2><\/div><\/div><\/div><!-- End Section Title --><\/div>\t\t\t\t<\/div>\n\t\t\t\t<\/div>\n\t\t<div class=\"elementor-element elementor-element-3b074bd e-flex e-con-boxed e-con e-parent\" data-id=\"3b074bd\" data-element_type=\"container\" data-e-type=\"container\" data-settings=\"{&quot;_ha_eqh_enable&quot;:false}\">\n\t\t\t\t\t<div class=\"e-con-inner\">\n\t\t<div class=\"elementor-element elementor-element-29a1c76 e-flex e-con-boxed e-con e-child\" data-id=\"29a1c76\" data-element_type=\"container\" data-e-type=\"container\" data-settings=\"{&quot;_ha_eqh_enable&quot;:false}\">\n\t\t\t\t\t<div class=\"e-con-inner\">\n\t\t<div class=\"elementor-element elementor-element-bef3476 e-con-full e-flex e-con e-child\" data-id=\"bef3476\" data-element_type=\"container\" data-e-type=\"container\" data-settings=\"{&quot;_ha_eqh_enable&quot;:false}\">\n\t\t\t\t<div class=\"elementor-element elementor-element-c585e86 elementor-widget elementor-widget-text-editor\" data-id=\"c585e86\" data-element_type=\"widget\" data-e-type=\"widget\" data-widget_type=\"text-editor.default\">\n\t\t\t\t<div class=\"elementor-widget-container\">\n\t\t\t\t\t\t\t\t\t<span style=\"color: #ffffff;\">In my ongoing commitment to providing the best experience for my patients, I share my certifications with you:<\/span>\n<ul>\n \t<li><span style=\"color: #ffffff;\">American Board of Plastic Surgery (FACS)<\/span><\/li>\n \t<li><span style=\"color: #ffffff;\">Royal College of Physicians and surgeons of Canada (FRCSC)<\/span><\/li>\n \t<li><span style=\"color: #ffffff;\">Technical Council of the Ministry of Panama (#2892)<\/span><\/li>\n<\/ul>\n<span style=\"color: #ffffff;\">I am an active member of several international scientific associations and co-organizer of the Highlights of Plastic Surgery Congress, an event that has brought together leading plastic surgeons from around the world annually in Panama since 2015. I currently serve as the Director of Education for our Panamanian Association of Plastic Surgeons and am the president of the Ibero-Latin American Federation (FILACP) Congress of Plastic Surgery, to be held in Panama in April 2026. I have 35 years of experience in plastic surgery.<\/span>\t\t\t\t\t\t\t\t<\/div>\n\t\t\t\t<\/div>\n\t\t\t\t<\/div>\n\t\t<div class=\"elementor-element elementor-element-511f6a9 e-con-full e-flex e-con e-child\" data-id=\"511f6a9\" data-element_type=\"container\" data-e-type=\"container\" data-settings=\"{&quot;_ha_eqh_enable&quot;:false}\">\n\t\t\t\t<div class=\"elementor-element elementor-element-9185907 elementor-widget elementor-widget-image\" data-id=\"9185907\" data-element_type=\"widget\" data-e-type=\"widget\" data-widget_type=\"image.default\">\n\t\t\t\t<div class=\"elementor-widget-container\">\n\t\t\t\t\t\t\t\t\t\t\t\t\t\t\t<img decoding=\"async\" width=\"655\" height=\"326\" src=\"https:\/\/panamaplasticsurgery.com\/wp-content\/uploads\/2025\/08\/Doctor-Luis-Picard-Ami-1.png\" class=\"attachment-large size-large wp-image-6482\" alt=\"\" srcset=\"https:\/\/panamaplasticsurgery.com\/wp-content\/uploads\/2025\/08\/Doctor-Luis-Picard-Ami-1.png 655w, https:\/\/panamaplasticsurgery.com\/wp-content\/uploads\/2025\/08\/Doctor-Luis-Picard-Ami-1-300x149.png 300w, https:\/\/panamaplasticsurgery.com\/wp-content\/uploads\/2025\/08\/Doctor-Luis-Picard-Ami-1-600x299.png 600w\" sizes=\"(max-width: 655px) 100vw, 655px\" \/>\t\t\t\t\t\t\t\t\t\t\t\t\t\t\t<\/div>\n\t\t\t\t<\/div>\n\t\t\t\t<div class=\"elementor-element elementor-element-e08eb22 elementor-widget elementor-widget-image\" data-id=\"e08eb22\" data-element_type=\"widget\" data-e-type=\"widget\" data-widget_type=\"image.default\">\n\t\t\t\t<div class=\"elementor-widget-container\">\n\t\t\t\t\t\t\t\t\t\t\t\t\t\t\t<img loading=\"lazy\" decoding=\"async\" width=\"665\" height=\"326\" src=\"https:\/\/panamaplasticsurgery.com\/wp-content\/uploads\/2025\/08\/Doctor-Luis-Picard-Ami-02.jpg\" class=\"attachment-large size-large wp-image-6484\" alt=\"\" srcset=\"https:\/\/panamaplasticsurgery.com\/wp-content\/uploads\/2025\/08\/Doctor-Luis-Picard-Ami-02.jpg 665w, https:\/\/panamaplasticsurgery.com\/wp-content\/uploads\/2025\/08\/Doctor-Luis-Picard-Ami-02-300x147.jpg 300w, https:\/\/panamaplasticsurgery.com\/wp-content\/uploads\/2025\/08\/Doctor-Luis-Picard-Ami-02-600x294.jpg 600w\" sizes=\"(max-width: 665px) 100vw, 665px\" \/>\t\t\t\t\t\t\t\t\t\t\t\t\t\t\t<\/div>\n\t\t\t\t<\/div>\n\t\t\t\t<\/div>\n\t\t\t\t\t<\/div>\n\t\t\t\t<\/div>\n\t\t\t\t\t<\/div>\n\t\t\t\t<\/div>\n\t\t\t\t\t<\/div>\n\t\t<\/div>\n\t\t\t\t\t<\/div>\n\t\t<\/section>\n\t\t\t\t\t<\/div>\n\t\t<\/div>\n\t\t\t\t\t<\/div>\n\t\t<\/section>\n\t\t\t\t<section class=\"elementor-section elementor-top-section elementor-element elementor-element-6c025e6 elementor-section-full_width elementor-section-height-default elementor-section-height-default\" data-id=\"6c025e6\" data-element_type=\"section\" data-e-type=\"section\" data-settings=\"{&quot;background_background&quot;:&quot;classic&quot;,&quot;_ha_eqh_enable&quot;:false}\">\n\t\t\t\t\t\t<div class=\"elementor-container elementor-column-gap-no\">\n\t\t\t\t\t<div class=\"elementor-column elementor-col-100 elementor-top-column elementor-element elementor-element-53a5d96\" data-id=\"53a5d96\" data-element_type=\"column\" data-e-type=\"column\">\n\t\t\t<div class=\"elementor-widget-wrap elementor-element-populated\">\n\t\t\t\t\t\t<section class=\"elementor-section elementor-inner-section elementor-element elementor-element-d7979e9 elementor-section-boxed elementor-section-height-default elementor-section-height-default\" data-id=\"d7979e9\" data-element_type=\"section\" data-e-type=\"section\" data-settings=\"{&quot;_ha_eqh_enable&quot;:false}\">\n\t\t\t\t\t\t<div class=\"elementor-container elementor-column-gap-no\">\n\t\t\t\t\t<div class=\"elementor-column elementor-col-100 elementor-inner-column elementor-element elementor-element-f39bb12\" data-id=\"f39bb12\" data-element_type=\"column\" data-e-type=\"column\">\n\t\t\t<div class=\"elementor-widget-wrap elementor-element-populated\">\n\t\t\t\t\t\t<div class=\"elementor-element elementor-element-e6d4c01 elementor-widget elementor-widget-medilaxsectiontitle\" data-id=\"e6d4c01\" data-element_type=\"widget\" data-e-type=\"widget\" data-settings=\"{&quot;_animation&quot;:&quot;none&quot;}\" data-widget_type=\"medilaxsectiontitle.default\">\n\t\t\t\t<div class=\"elementor-widget-container\">\n\t\t\t\t\t<!-- Section Title --><div class=\"container\"><div class=\"row justify-content-center\"><div class=\"col-md-10 col-lg-8 col-xl-6 wow fadeInUp\" data-wow-delay=\"0.3s\"><div class=\"section-title\" ><div class=\"sec-icon\"><i class=\"flaticon-ecg\"><\/i><\/div><h2 class=\"h1 title-selector\">Certifications<\/h2><\/div><\/div><\/div><!-- End Section Title --><\/div>\t\t\t\t<\/div>\n\t\t\t\t<\/div>\n\t\t\t\t<div class=\"elementor-element elementor-element-9fc3bf9 elementor-arrows-position-inside elementor-widget elementor-widget-image-carousel\" data-id=\"9fc3bf9\" data-element_type=\"widget\" data-e-type=\"widget\" data-settings=\"{&quot;slides_to_show&quot;:&quot;3&quot;,&quot;slides_to_scroll&quot;:&quot;1&quot;,&quot;navigation&quot;:&quot;arrows&quot;,&quot;autoplay&quot;:&quot;yes&quot;,&quot;autoplay_speed&quot;:5000,&quot;infinite&quot;:&quot;yes&quot;,&quot;speed&quot;:500}\" data-widget_type=\"image-carousel.default\">\n\t\t\t\t<div class=\"elementor-widget-container\">\n\t\t\t\t\t\t\t<div class=\"elementor-image-carousel-wrapper swiper\" role=\"region\" aria-roledescription=\"carousel\" aria-label=\"Carrusel de im\u00e1genes\" dir=\"ltr\">\n\t\t\t<div class=\"elementor-image-carousel swiper-wrapper\" aria-live=\"off\">\n\t\t\t\t\t\t\t\t<div class=\"swiper-slide\" role=\"group\" aria-roledescription=\"slide\" aria-label=\"1 de 5\"><figure class=\"swiper-slide-inner\"><img decoding=\"async\" class=\"swiper-slide-image\" src=\"https:\/\/panamaplasticsurgery.com\/wp-content\/uploads\/2025\/08\/logo-the-american-society-for-aesthetic-plastic-surgery-e1757953998216.png\" alt=\"logo-the-american-society-for-aesthetic-plastic-surgery\" \/><\/figure><\/div><div class=\"swiper-slide\" role=\"group\" aria-roledescription=\"slide\" aria-label=\"2 de 5\"><figure class=\"swiper-slide-inner\"><img decoding=\"async\" class=\"swiper-slide-image\" src=\"https:\/\/panamaplasticsurgery.com\/wp-content\/uploads\/2025\/09\/american-board-of-plastic-surgery-logo-01.png\" alt=\"american-board-of-plastic-surgery-logo-01\" \/><\/figure><\/div><div class=\"swiper-slide\" role=\"group\" aria-roledescription=\"slide\" aria-label=\"3 de 5\"><figure class=\"swiper-slide-inner\"><img decoding=\"async\" class=\"swiper-slide-image\" src=\"https:\/\/panamaplasticsurgery.com\/wp-content\/uploads\/2025\/09\/asps-logo-01.png\" alt=\"asps-logo-01\" \/><\/figure><\/div><div class=\"swiper-slide\" role=\"group\" aria-roledescription=\"slide\" aria-label=\"4 de 5\"><figure class=\"swiper-slide-inner\"><img decoding=\"async\" class=\"swiper-slide-image\" src=\"https:\/\/panamaplasticsurgery.com\/wp-content\/uploads\/2025\/09\/logo-apcper-01.png\" alt=\"logo-apcper-01\" \/><\/figure><\/div><div class=\"swiper-slide\" role=\"group\" aria-roledescription=\"slide\" aria-label=\"5 de 5\"><figure class=\"swiper-slide-inner\"><img decoding=\"async\" class=\"swiper-slide-image\" src=\"https:\/\/panamaplasticsurgery.com\/wp-content\/uploads\/2025\/09\/filacp-logo-1.png\" alt=\"filacp-logo\" \/><\/figure><\/div>\t\t\t<\/div>\n\t\t\t\t\t\t\t\t\t\t\t\t<div class=\"elementor-swiper-button elementor-swiper-button-prev\" role=\"button\" tabindex=\"0\">\n\t\t\t\t\t\t<svg aria-hidden=\"true\" class=\"e-font-icon-svg e-eicon-chevron-left\" viewbox=\"0 0 1000 1000\" xmlns=\"http:\/\/www.w3.org\/2000\/svg\"><path d=\"M646 125C629 125 613 133 604 142L308 442C296 454 292 471 292 487 292 504 296 521 308 533L604 854C617 867 629 875 646 875 663 875 679 871 692 858 704 846 713 829 713 812 713 796 708 779 692 767L438 487 692 225C700 217 708 204 708 187 708 171 704 154 692 142 675 129 663 125 646 125Z\"><\/path><\/svg>\t\t\t\t\t<\/div>\n\t\t\t\t\t<div class=\"elementor-swiper-button elementor-swiper-button-next\" role=\"button\" tabindex=\"0\">\n\t\t\t\t\t\t<svg aria-hidden=\"true\" class=\"e-font-icon-svg e-eicon-chevron-right\" viewbox=\"0 0 1000 1000\" xmlns=\"http:\/\/www.w3.org\/2000\/svg\"><path d=\"M696 533C708 521 713 504 713 487 713 471 708 454 696 446L400 146C388 133 375 125 354 125 338 125 325 129 313 142 300 154 292 171 292 187 292 204 296 221 308 233L563 492 304 771C292 783 288 800 288 817 288 833 296 850 308 863 321 871 338 875 354 875 371 875 388 867 400 854L696 533Z\"><\/path><\/svg>\t\t\t\t\t<\/div>\n\t\t\t\t\n\t\t\t\t\t\t\t\t\t<\/div>\n\t\t\t\t\t\t<\/div>\n\t\t\t\t<\/div>\n\t\t\t\t\t<\/div>\n\t\t<\/div>\n\t\t\t\t\t<\/div>\n\t\t<\/section>\n\t\t\t\t\t<\/div>\n\t\t<\/div>\n\t\t\t\t\t<\/div>\n\t\t<\/section>\n\t\t\t\t<\/div>","protected":false},"excerpt":{"rendered":"<p>Nosotros Nosotros M\u00e1s de 35 a\u00f1os de experiencia Dr. Luis Picard &#8211; Ami Soy ex presidente de la Asociaci\u00f3n Paname\u00f1a de Cirug\u00eda Pl\u00e1stica y Reconstructiva (APCPER) y Secretario Nacional para la Sociedad Internacional de Cirug\u00eda Pl\u00e1stica Est\u00e9tica (ISAPS). Soy presidente del comit\u00e9 organizador del pr\u00f3ximo congreso de la Federaci\u00f3n IberoLatinoamericana de Cirug\u00eda Pl\u00e1stica (FILACP) y&#8230;<\/p>","protected":false},"author":1,"featured_media":0,"parent":0,"menu_order":0,"comment_status":"closed","ping_status":"closed","template":"template-builder.php","meta":{"footnotes":""},"class_list":["post-192","page","type-page","status-publish","hentry"],"_links":{"self":[{"href":"https:\/\/panamaplasticsurgery.com\/en\/wp-json\/wp\/v2\/pages\/192","targetHints":{"allow":["GET"]}}],"collection":[{"href":"https:\/\/panamaplasticsurgery.com\/en\/wp-json\/wp\/v2\/pages"}],"about":[{"href":"https:\/\/panamaplasticsurgery.com\/en\/wp-json\/wp\/v2\/types\/page"}],"author":[{"embeddable":true,"href":"https:\/\/panamaplasticsurgery.com\/en\/wp-json\/wp\/v2\/users\/1"}],"replies":[{"embeddable":true,"href":"https:\/\/panamaplasticsurgery.com\/en\/wp-json\/wp\/v2\/comments?post=192"}],"version-history":[{"count":85,"href":"https:\/\/panamaplasticsurgery.com\/en\/wp-json\/wp\/v2\/pages\/192\/revisions"}],"predecessor-version":[{"id":6968,"href":"https:\/\/panamaplasticsurgery.com\/en\/wp-json\/wp\/v2\/pages\/192\/revisions\/6968"}],"wp:attachment":[{"href":"https:\/\/panamaplasticsurgery.com\/en\/wp-json\/wp\/v2\/media?parent=192"}],"curies":[{"name":"wp","href":"https:\/\/api.w.org\/{rel}","templated":true}]}}