{"id":3156,"date":"2024-03-04T08:19:38","date_gmt":"2024-03-04T13:19:38","guid":{"rendered":"https:\/\/wordpress.vecurosoft.com\/medilax\/?page_id=3156"},"modified":"2025-08-30T12:43:29","modified_gmt":"2025-08-30T17:43:29","slug":"agendar-cita","status":"publish","type":"page","link":"https:\/\/panamaplasticsurgery.com\/en\/agendar-cita\/","title":{"rendered":"Schedule an Appointment"},"content":{"rendered":"<div data-elementor-type=\"wp-page\" data-elementor-id=\"3156\" class=\"elementor elementor-3156\" data-elementor-settings=\"{&quot;ha_cmc_init_switcher&quot;:&quot;no&quot;}\">\n\t\t\t\t\t\t<section class=\"elementor-section elementor-top-section elementor-element elementor-element-ae5ed0d elementor-section-full_width elementor-section-height-default elementor-section-height-default\" data-id=\"ae5ed0d\" data-element_type=\"section\" data-e-type=\"section\" data-settings=\"{&quot;_ha_eqh_enable&quot;:false}\">\n\t\t\t\t\t\t<div class=\"elementor-container elementor-column-gap-no\">\n\t\t\t\t\t<div class=\"elementor-column elementor-col-100 elementor-top-column elementor-element elementor-element-d339a14\" data-id=\"d339a14\" data-element_type=\"column\" data-e-type=\"column\">\n\t\t\t<div class=\"elementor-widget-wrap elementor-element-populated\">\n\t\t\t\t\t\t<section class=\"elementor-section elementor-inner-section elementor-element elementor-element-3333d35 elementor-section-boxed elementor-section-height-default elementor-section-height-default\" data-id=\"3333d35\" data-element_type=\"section\" data-e-type=\"section\" data-settings=\"{&quot;_ha_eqh_enable&quot;:false}\">\n\t\t\t\t\t\t<div class=\"elementor-container elementor-column-gap-no\">\n\t\t\t\t\t<div class=\"elementor-column elementor-col-100 elementor-inner-column elementor-element elementor-element-9be6347\" data-id=\"9be6347\" data-element_type=\"column\" data-e-type=\"column\">\n\t\t\t<div class=\"elementor-widget-wrap elementor-element-populated\">\n\t\t\t\t\t\t<div class=\"elementor-element elementor-element-a67eab7 elementor-widget elementor-widget-medilaxcontactform\" data-id=\"a67eab7\" data-element_type=\"widget\" data-e-type=\"widget\" data-widget_type=\"medilaxcontactform.default\">\n\t\t\t\t<div class=\"elementor-widget-container\">\n\t\t\t\t\t<!-- Contact Form --><div class=\"form-wrap1  overflow-hidden shadow-none rounded-3\"><div class=\"form-title-box\"><div class=\"row justify-content-between align-items-center\"><div class=\"col-auto\"><h2 class=\"form-title\">Register an Appointment<\/h2><p class=\"form-text\">Please register your appointment in advance so that it can be included in the medical records. <\/p><\/div><\/div><\/div>\n<div class=\"wpcf7 no-js\" id=\"wpcf7-f4717-o1\" lang=\"en-US\" dir=\"ltr\" data-wpcf7-id=\"4717\">\n<div class=\"screen-reader-response\"><p role=\"status\" aria-live=\"polite\" aria-atomic=\"true\"><\/p> <ul><\/ul><\/div>\n<form action=\"\/en\/wp-json\/wp\/v2\/pages\/3156#wpcf7-f4717-o1\" method=\"post\" class=\"wpcf7-form init\" aria-label=\"Contact form\" novalidate=\"novalidate\" data-status=\"init\" data-trp-original-action=\"\/en\/wp-json\/wp\/v2\/pages\/3156#wpcf7-f4717-o1\">\n<fieldset class=\"hidden-fields-container\"><input type=\"hidden\" name=\"_wpcf7\" value=\"4717\" \/><input type=\"hidden\" name=\"_wpcf7_version\" value=\"6.1.5\" \/><input type=\"hidden\" name=\"_wpcf7_locale\" value=\"en_US\" \/><input type=\"hidden\" name=\"_wpcf7_unit_tag\" value=\"wpcf7-f4717-o1\" \/><input type=\"hidden\" name=\"_wpcf7_container_post\" value=\"0\" \/><input type=\"hidden\" name=\"_wpcf7_posted_data_hash\" value=\"\" \/>\n<\/fieldset>\n<div class=\"form-box\"><div class=\"row\"><div class=\"col-lg-12 form-group\"><span class=\"wpcf7-form-control-wrap\" data-name=\"menu-234\"><select class=\"wpcf7-form-control wpcf7-select form-select style3\" id=\"menu\" aria-invalid=\"false\" name=\"menu-234\"><option value=\"--Seleccione una Especialidad--\">--Seleccione una Especialidad--<\/option><option value=\"Cirug\u00eda Facial\">Facial Surgery<\/option><option value=\"Cirug\u00eda de Contorno Corporal\">Body Contouring Surgery<\/option><option value=\"Cirug\u00eda Mamaria\">Cirug\u00eda Mamaria<\/option><option value=\"Otros\">Otros<\/option><\/select><\/span><\/div><div class=\"col-lg-6 form-group\"><span class=\"wpcf7-form-control-wrap\" data-name=\"text-962\"><input size=\"40\" maxlength=\"400\" class=\"wpcf7-form-control wpcf7-text wpcf7-validates-as-required form-control style3\" id=\"name\" aria-required=\"true\" aria-invalid=\"false\" placeholder=\"Name\" value=\"\" type=\"text\" name=\"text-962\" \/><\/span><i class=\"fal small fa-user\"><\/i><\/div><div class=\"col-lg-6 form-group\"><span class=\"wpcf7-form-control-wrap\" data-name=\"email-121\"><input size=\"40\" maxlength=\"400\" class=\"wpcf7-form-control wpcf7-email wpcf7-validates-as-required wpcf7-text wpcf7-validates-as-email form-control style3\" id=\"email\" aria-required=\"true\" aria-invalid=\"false\" placeholder=\"E-mail\" value=\"\" type=\"email\" name=\"email-121\" \/><\/span><i class=\"fal small fa-envelope\"><\/i><\/div><div class=\"col-lg-6 form-group\"><span class=\"wpcf7-form-control-wrap\" data-name=\"tel-952\"><input size=\"40\" maxlength=\"400\" class=\"wpcf7-form-control wpcf7-tel wpcf7-validates-as-required wpcf7-text wpcf7-validates-as-tel form-control style3\" id=\"phone\" aria-required=\"true\" aria-invalid=\"false\" placeholder=\"Phone\" value=\"\" type=\"tel\" name=\"tel-952\" \/><\/span><i class=\"fal small fa-phone\"><\/i><\/div><div class=\"col-lg-6 form-group\"><span class=\"wpcf7-form-control-wrap\" data-name=\"text-302\"><input size=\"40\" maxlength=\"400\" class=\"wpcf7-form-control wpcf7-text dateTime-pick form-control style3\" id=\"date\" aria-invalid=\"false\" placeholder=\"Approximate Date\" value=\"\" type=\"text\" name=\"text-302\" \/><\/span><i class=\"fal small fa-calendar-alt\"><\/i><\/div><div class=\"col-xl-12 text-center\"><button type=\"submit\" class=\"vs-btn style2 wpcf7-submit\">Book an Appointment<\/button><\/div><\/div><\/div><div class=\"wpcf7-response-output\" aria-hidden=\"true\"><\/div>\n<input type=\"hidden\" name=\"trp-form-language\" value=\"en\"\/><\/form>\n<\/div>\n<\/div><!-- Contact Form end -->\t\t\t\t<\/div>\n\t\t\t\t<\/div>\n\t\t\t\t\t<\/div>\n\t\t<\/div>\n\t\t\t\t\t<\/div>\n\t\t<\/section>\n\t\t\t\t\t<\/div>\n\t\t<\/div>\n\t\t\t\t\t<\/div>\n\t\t<\/section>\n\t\t\t\t<\/div>","protected":false},"excerpt":{"rendered":"<p>Registrar una Cita Por favor registrar su cita con tiempo para que pueda ser incluida dentro de los registros m\u00e9dicos. &#8211;Seleccione una Especialidad&#8211;Cirug\u00eda FacialCirug\u00eda de Contorno CorporalCirug\u00eda MamariaOtrosReservar Cita<\/p>","protected":false},"author":1,"featured_media":0,"parent":0,"menu_order":0,"comment_status":"closed","ping_status":"closed","template":"template-builder.php","meta":{"footnotes":""},"class_list":["post-3156","page","type-page","status-publish","hentry"],"_links":{"self":[{"href":"https:\/\/panamaplasticsurgery.com\/en\/wp-json\/wp\/v2\/pages\/3156","targetHints":{"allow":["GET"]}}],"collection":[{"href":"https:\/\/panamaplasticsurgery.com\/en\/wp-json\/wp\/v2\/pages"}],"about":[{"href":"https:\/\/panamaplasticsurgery.com\/en\/wp-json\/wp\/v2\/types\/page"}],"author":[{"embeddable":true,"href":"https:\/\/panamaplasticsurgery.com\/en\/wp-json\/wp\/v2\/users\/1"}],"replies":[{"embeddable":true,"href":"https:\/\/panamaplasticsurgery.com\/en\/wp-json\/wp\/v2\/comments?post=3156"}],"version-history":[{"count":7,"href":"https:\/\/panamaplasticsurgery.com\/en\/wp-json\/wp\/v2\/pages\/3156\/revisions"}],"predecessor-version":[{"id":6457,"href":"https:\/\/panamaplasticsurgery.com\/en\/wp-json\/wp\/v2\/pages\/3156\/revisions\/6457"}],"wp:attachment":[{"href":"https:\/\/panamaplasticsurgery.com\/en\/wp-json\/wp\/v2\/media?parent=3156"}],"curies":[{"name":"wp","href":"https:\/\/api.w.org\/{rel}","templated":true}]}}